{"id":6799,"date":"2023-05-12T15:47:48","date_gmt":"2023-05-12T15:47:48","guid":{"rendered":"https:\/\/www.felienne.com\/?page_id=6799"},"modified":"2025-02-15T14:16:28","modified_gmt":"2025-02-15T14:16:28","slug":"pers-2","status":"publish","type":"page","link":"https:\/\/www.felienne.com\/nl\/pers-2","title":{"rendered":"Pers"},"content":{"rendered":"\n<p>E\u00e9n van mijn belangrijkste kernwaardes als wetenschapper is het opzoeken van de maatschappelijke dialoog over de wetenschap en onderwijs, over algoritmes en AI, over big tech, en over inclusie in de digitale wereld.<\/p>\n\n\n\n<p><strong>Wetenschap en onderwijs<\/strong><\/p>\n\n\n\n<p>De vraag hoe we ons tot digitaal onderwijs verhouden, houdt mij al lang bezig, zelfs al voor de huidige AI-hype vertelde <a href=\"https:\/\/archive.ph\/LsKP9\">ik in 2015 in NRC hoe belangrijk het is dat docenten in charge zijn<\/a> als er digitaal lesgegeven wordt. <\/p>\n\n\n\n<p><strong>AI<\/strong><\/p>\n\n\n\n<p>Ik maak me al lang zorgen over de impact van AI op ons allemaal. Bijvoorbeeld <a href=\"https:\/\/www.volkskrant.nl\/nieuws-achtergrond\/hoogleraar-computerwetenschappen-vreest-opmars-ai-wilt-u-50-euro-extra-betalen-voor-een-mens-toets-1~b5a92a0d\/\">in dit profiel<\/a> van de onvolprezen Laurens Verhagen in de Volkskrant, of in <a href=\"https:\/\/archive.ph\/hAP0v\">een uitgebreid stuk over AI en het onderwijs<\/a> in NRC. Ook in NRC, een een veelgelezen opiniestuk van mijn eigen hand in NRC, <a href=\"https:\/\/archive.ph\/alqLL\">over de onmogelijkheden van een neutrale AI<\/a>.<\/p>\n\n\n\n<p>In 2023 was ik \u00e9\u00e9n van de zes wetenschappers die werden ge\u00efnterviewd voor de Podcast <strong>&#8216;Welkom in de AI fabriek&#8217;<\/strong>. Trouw schreef <a href=\"https:\/\/www.volkskrant.nl\/podcasts\/ilyaz-nasrullah-blijkt-in-welkom-in-de-ai-fabriek-allergisch-voor-uitbundige-ai-dystopieen~ba296428\/\">een mooi stuk over de hele reeks<\/a>, die je <a href=\"https:\/\/www.bnr.nl\/podcast\/welkom-in-de-ai-fabriek\">ook op Spotify<\/a> kan vinden. Ik werd ook bevraagd door mijn VU collega Gea Dreschler over AI en schrijfonderwijs.<\/p>\n\n\n\n<figure class=\"wp-block-embed is-type-rich is-provider-spotify wp-block-embed-spotify wp-embed-aspect-21-9 wp-has-aspect-ratio\"><div class=\"wp-block-embed__wrapper\">\n<iframe title=\"Spotify Embed: #7 Felienne Hermans - Waarom iedere student een beetje moet leren programmeren\" style=\"border-radius: 12px\" width=\"100%\" height=\"152\" frameborder=\"0\" allowfullscreen allow=\"autoplay; clipboard-write; encrypted-media; fullscreen; picture-in-picture\" loading=\"lazy\" src=\"https:\/\/open.spotify.com\/embed\/episode\/2FEy2A1ZwkqozPQ9BwwvN5?utm_source=oembed\"><\/iframe>\n<\/div><\/figure>\n\n\n\n<p><strong>Algoritmes en Big Tech in het algemeen<\/strong><\/p>\n\n\n\n<p>Een iets verder uitgezoomde blik, niet alleen over AI maar over de macht van Big Tech in het algemeen schetste ik in deze podcast van BNR,<a href=\"https:\/\/www.bnr.nl\/podcast\/thebigfive\/10507294\/felienne-hermans-hoogleraar-computerwetenschappen\">de macht van het scherm<\/a><\/p>\n\n\n\n<p><strong>Een inclusievere digitale wereld<\/strong><br><br>Ik vind het belangrijk dat iedereen leert programmeren, en daarom heb ik in de periode 2018 tot 2021 meegewerkt aan een project om blinde en slechtziende kinderen te leren programmerne. Carla Desain schreef erover <a href=\"http:\/\/www.felienne.com\/wp-content\/uploads\/2014\/03\/Vives-Desain-Programmeren-op-je-gevoel.pdf\">in Vives Magazine<\/a>.<\/p>\n\n\n<div class=\"wp-block-image\">\n<figure class=\"aligncenter\"><a href=\"https:\/\/i0.wp.com\/www.felienne.com\/wp-content\/uploads\/2014\/03\/Screen-Shot-2017-04-07-at-2.31.18-PM.png\"><img data-recalc-dims=\"1\" decoding=\"async\" width=\"640\" height=\"429\" loading=\"lazy\" src=\"https:\/\/i0.wp.com\/www.felienne.com\/wp-content\/uploads\/2014\/03\/Screen-Shot-2017-04-07-at-2.31.18-PM.png?resize=640%2C429\" alt=\"\" class=\"wp-image-5561\" srcset=\"https:\/\/i0.wp.com\/www.felienne.com\/wp-content\/uploads\/2014\/03\/Screen-Shot-2017-04-07-at-2.31.18-PM.png?w=943&amp;ssl=1 943w, https:\/\/i0.wp.com\/www.felienne.com\/wp-content\/uploads\/2014\/03\/Screen-Shot-2017-04-07-at-2.31.18-PM.png?resize=300%2C201&amp;ssl=1 300w, https:\/\/i0.wp.com\/www.felienne.com\/wp-content\/uploads\/2014\/03\/Screen-Shot-2017-04-07-at-2.31.18-PM.png?resize=768%2C515&amp;ssl=1 768w\" sizes=\"auto, (max-width: 640px) 100vw, 640px\" \/><\/a><\/figure>\n<\/div>\n\n\n<p><\/p>\n","protected":false},"excerpt":{"rendered":"<p>E\u00e9n van mijn belangrijkste kernwaardes als wetenschapper is het opzoeken van de maatschappelijke dialoog over de wetenschap en onderwijs, over algoritmes en AI, over big tech, en over inclusie in de digitale wereld. Wetenschap en onderwijs De vraag hoe we ons tot digitaal onderwijs verhouden, houdt mij al lang bezig, zelfs al voor de huidige [&hellip;]<\/p>\n","protected":false},"author":1,"featured_media":0,"parent":0,"menu_order":0,"comment_status":"closed","ping_status":"closed","template":"","meta":{"nf_dc_page":"","jetpack_post_was_ever_published":false,"footnotes":""},"class_list":["post-6799","page","type-page","status-publish","hentry"],"jetpack_sharing_enabled":true,"jetpack_shortlink":"https:\/\/wp.me\/P4tKHo-1LF","_links":{"self":[{"href":"https:\/\/www.felienne.com\/nl\/wp-json\/wp\/v2\/pages\/6799","targetHints":{"allow":["GET"]}}],"collection":[{"href":"https:\/\/www.felienne.com\/nl\/wp-json\/wp\/v2\/pages"}],"about":[{"href":"https:\/\/www.felienne.com\/nl\/wp-json\/wp\/v2\/types\/page"}],"author":[{"embeddable":true,"href":"https:\/\/www.felienne.com\/nl\/wp-json\/wp\/v2\/users\/1"}],"replies":[{"embeddable":true,"href":"https:\/\/www.felienne.com\/nl\/wp-json\/wp\/v2\/comments?post=6799"}],"version-history":[{"count":4,"href":"https:\/\/www.felienne.com\/nl\/wp-json\/wp\/v2\/pages\/6799\/revisions"}],"predecessor-version":[{"id":8765,"href":"https:\/\/www.felienne.com\/nl\/wp-json\/wp\/v2\/pages\/6799\/revisions\/8765"}],"wp:attachment":[{"href":"https:\/\/www.felienne.com\/nl\/wp-json\/wp\/v2\/media?parent=6799"}],"curies":[{"name":"wp","href":"https:\/\/api.w.org\/{rel}","templated":true}]}}